{"id":8,"date":"2025-12-03T21:49:12","date_gmt":"2025-12-03T21:49:12","guid":{"rendered":"https:\/\/www.forcoffeetr.com\/magaza\/sepet\/"},"modified":"2025-12-06T13:50:20","modified_gmt":"2025-12-06T13:50:20","slug":"sepet","status":"publish","type":"page","link":"https:\/\/www.forcoffeetr.com\/magaza\/sepet\/","title":{"rendered":"Sepet"},"content":{"rendered":"\n<div data-block-name=\"woocommerce\/cart\" class=\"wp-block-woocommerce-cart alignwide is-loading\">\n<div data-block-name=\"woocommerce\/filled-cart-block\" class=\"wp-block-woocommerce-filled-cart-block\">\n<div data-block-name=\"woocommerce\/cart-items-block\" class=\"wp-block-woocommerce-cart-items-block\">\n<div data-block-name=\"woocommerce\/cart-line-items-block\" class=\"wp-block-woocommerce-cart-line-items-block\"><\/div>\n\n\n<\/div>\n\n\n\n\n<div data-block-name=\"woocommerce\/cart-totals-block\" class=\"wp-block-woocommerce-cart-totals-block\">\n<div data-block-name=\"woocommerce\/cart-order-summary-block\" class=\"wp-block-woocommerce-cart-order-summary-block\">\n<div data-block-name=\"woocommerce\/cart-order-summary-heading-block\" class=\"wp-block-woocommerce-cart-order-summary-heading-block\"><\/div><div data-block-name=\"woocommerce\/cart-order-summary-coupon-form-block\" class=\"wp-block-woocommerce-cart-order-summary-coupon-form-block\"><\/div><div data-block-name=\"woocommerce\/cart-order-summary-totals-block\" class=\"wp-block-woocommerce-cart-order-summary-totals-block\">\n<div data-block-name=\"woocommerce\/cart-order-summary-subtotal-block\" class=\"wp-block-woocommerce-cart-order-summary-subtotal-block\"><\/div>\n<div data-block-name=\"woocommerce\/cart-order-summary-discount-block\" class=\"wp-block-woocommerce-cart-order-summary-discount-block\"><\/div>\n<div data-block-name=\"woocommerce\/cart-order-summary-fee-block\" class=\"wp-block-woocommerce-cart-order-summary-fee-block\"><\/div>\n<div data-block-name=\"woocommerce\/cart-order-summary-shipping-block\" class=\"wp-block-woocommerce-cart-order-summary-shipping-block\"><\/div>\n<div data-block-name=\"woocommerce\/cart-order-summary-taxes-block\" class=\"wp-block-woocommerce-cart-order-summary-taxes-block\"><\/div><\/div>\n<\/div>\n\n\n\n<div data-block-name=\"woocommerce\/cart-express-payment-block\" class=\"wp-block-woocommerce-cart-express-payment-block\"><\/div>\n\n\n\n<div data-block-name=\"woocommerce\/proceed-to-checkout-block\" class=\"wp-block-woocommerce-proceed-to-checkout-block\"><\/div>\n\n\n\n<div data-block-name=\"woocommerce\/cart-accepted-payment-methods-block\" class=\"wp-block-woocommerce-cart-accepted-payment-methods-block\"><\/div>\n<\/div>\n<\/div>\n\n\n\n<div data-block-name=\"woocommerce\/empty-cart-block\" class=\"wp-block-woocommerce-empty-cart-block\">\n<h2 class=\"wp-block-heading has-text-align-center with-empty-cart-icon wc-block-cart__empty-cart__title\">Sepetiniz \u015fu anda bo\u015f!<\/h2>\n\n\n\n<hr class=\"wp-block-separator has-alpha-channel-opacity is-style-dots\"\/>\n\n\n\n<h2 class=\"wp-block-heading has-text-align-center\">Ma\u011fazada yeni<\/h2>\n\n\n<div data-block-name=\"woocommerce\/product-new\" data-columns=\"4\" data-rows=\"1\" class=\"wc-block-grid wp-block-product-new wp-block-woocommerce-product-new wc-block-product-new has-4-columns\"><ul class=\"wc-block-grid__products\"><li class=\"wc-block-grid__product\">\n\t\t\t\t<a href=\"https:\/\/www.forcoffeetr.com\/magaza\/urunler\/kahvelerimiz\/blend-serisi\/ramazan-bereket-seti-6li-premium-kahve-paketi\/\" class=\"wc-block-grid__product-link\">\n\t\t\t\t\t<div class=\"wc-block-grid__product-onsale\">\n\t\t\t<span aria-hidden=\"true\">\u0130ndirim<\/span>\n\t\t\t<span class=\"screen-reader-text\">\u0130ndirimdeki \u00fcr\u00fcn<\/span>\n\t\t<\/div>\n\t\t\t\t\t<div class=\"wc-block-grid__product-image\"><img decoding=\"async\" width=\"200\" height=\"240\" data-src=\"https:\/\/www.forcoffeetr.com\/magaza\/wp-content\/uploads\/2026\/02\/for-urun-gorselleri_20260227_153950_0000-200x240.png\" class=\"attachment-woocommerce_thumbnail size-woocommerce_thumbnail lazyload\" alt=\"Ramazan Bereket Seti 6\u2019l\u0131 Premium Kahve Paketi\" data-srcset=\"https:\/\/www.forcoffeetr.com\/magaza\/wp-content\/uploads\/2026\/02\/for-urun-gorselleri_20260227_153950_0000-200x240.png 200w, https:\/\/www.forcoffeetr.com\/magaza\/wp-content\/uploads\/2026\/02\/for-urun-gorselleri_20260227_153950_0000-250x300.png 250w, https:\/\/www.forcoffeetr.com\/magaza\/wp-content\/uploads\/2026\/02\/for-urun-gorselleri_20260227_153950_0000-853x1024.png 853w, https:\/\/www.forcoffeetr.com\/magaza\/wp-content\/uploads\/2026\/02\/for-urun-gorselleri_20260227_153950_0000-768x921.png 768w, https:\/\/www.forcoffeetr.com\/magaza\/wp-content\/uploads\/2026\/02\/for-urun-gorselleri_20260227_153950_0000.png 1181w\" data-sizes=\"(max-width: 200px) 100vw, 200px\" src=\"data:image\/svg+xml;base64,PHN2ZyB3aWR0aD0iMSIgaGVpZ2h0PSIxIiB4bWxucz0iaHR0cDovL3d3dy53My5vcmcvMjAwMC9zdmciPjwvc3ZnPg==\" style=\"--smush-placeholder-width: 200px; --smush-placeholder-aspect-ratio: 200\/240;\" \/><\/div>\n\t\t\t\t\t<div class=\"wc-block-grid__product-title\">Ramazan Bereket Seti 6\u2019l\u0131 Premium Kahve Paketi<\/div>\n\t\t\t\t<\/a>\n\t\t\t\t<div class=\"wc-block-grid__product-price price\"><del aria-hidden=\"true\"><span class=\"woocommerce-Price-amount amount\"><span class=\"woocommerce-Price-currencySymbol\">&#8378;<\/span>3.774,00<\/span><\/del> <span class=\"screen-reader-text\">Orijinal fiyat: &#8378;3.774,00.<\/span><ins aria-hidden=\"true\"><span class=\"woocommerce-Price-amount amount\"><span class=\"woocommerce-Price-currencySymbol\">&#8378;<\/span>2.199,00<\/span><\/ins><span class=\"screen-reader-text\">\u015eu andaki fiyat: &#8378;2.199,00.<\/span><\/div>\n\t\t\t\t\n\t\t\t\t<div class=\"wp-block-button wc-block-grid__product-add-to-cart\"><a href=\"\/magaza\/wp-json\/wp\/v2\/pages\/8?add-to-cart=2849\" aria-label=\"Sepete ekle: \u201cRamazan Bereket Seti 6\u2019l\u0131 Premium Kahve Paketi\u201d\" data-quantity=\"1\" data-product_id=\"2849\" data-product_sku=\"\" data-price=\"2199\" rel=\"nofollow\" class=\"wp-block-button__link  add_to_cart_button ajax_add_to_cart\">Sepete Ekle<\/a><\/div>\n\t\t\t<\/li><li class=\"wc-block-grid__product\">\n\t\t\t\t<a href=\"https:\/\/www.forcoffeetr.com\/magaza\/urunler\/kahvelerimiz\/single-origin\/uganda-bigusi\/\" class=\"wc-block-grid__product-link\">\n\t\t\t\t\t\n\t\t\t\t\t<div class=\"wc-block-grid__product-image\"><img decoding=\"async\" width=\"200\" height=\"266\" data-src=\"https:\/\/www.forcoffeetr.com\/magaza\/wp-content\/uploads\/2026\/02\/Coffee-Beans-1-200x266.png\" class=\"attachment-woocommerce_thumbnail size-woocommerce_thumbnail lazyload\" alt=\"Uganda Bigusi\" data-srcset=\"https:\/\/www.forcoffeetr.com\/magaza\/wp-content\/uploads\/2026\/02\/Coffee-Beans-1-200x266.png 200w, https:\/\/www.forcoffeetr.com\/magaza\/wp-content\/uploads\/2026\/02\/Coffee-Beans-1-225x300.png 225w, https:\/\/www.forcoffeetr.com\/magaza\/wp-content\/uploads\/2026\/02\/Coffee-Beans-1-769x1024.png 769w, https:\/\/www.forcoffeetr.com\/magaza\/wp-content\/uploads\/2026\/02\/Coffee-Beans-1-768x1022.png 768w, https:\/\/www.forcoffeetr.com\/magaza\/wp-content\/uploads\/2026\/02\/Coffee-Beans-1-1154x1536.png 1154w, https:\/\/www.forcoffeetr.com\/magaza\/wp-content\/uploads\/2026\/02\/Coffee-Beans-1-1539x2048.png 1539w, https:\/\/www.forcoffeetr.com\/magaza\/wp-content\/uploads\/2026\/02\/Coffee-Beans-1-scaled.png 1924w\" data-sizes=\"(max-width: 200px) 100vw, 200px\" src=\"data:image\/svg+xml;base64,PHN2ZyB3aWR0aD0iMSIgaGVpZ2h0PSIxIiB4bWxucz0iaHR0cDovL3d3dy53My5vcmcvMjAwMC9zdmciPjwvc3ZnPg==\" style=\"--smush-placeholder-width: 200px; --smush-placeholder-aspect-ratio: 200\/266;\" \/><\/div>\n\t\t\t\t\t<div class=\"wc-block-grid__product-title\">Uganda Bigusi<\/div>\n\t\t\t\t<\/a>\n\t\t\t\t<div class=\"wc-block-grid__product-price price\"><span class=\"woocommerce-Price-amount amount\"><span class=\"woocommerce-Price-currencySymbol\">&#8378;<\/span>599,00<\/span> <span class=\"baslayan-fiyat-yazisi\">&#8216;den ba\u015flayan fiyatlarla<\/span><\/div>\n\t\t\t\t\n\t\t\t\t<div class=\"wp-block-button wc-block-grid__product-add-to-cart\"><a href=\"https:\/\/www.forcoffeetr.com\/magaza\/urunler\/kahvelerimiz\/single-origin\/uganda-bigusi\/\" aria-label=\"&ldquo;Uganda Bigusi&rdquo; i\u00e7in se\u00e7enekleri se\u00e7in\" data-quantity=\"1\" data-product_id=\"2859\" data-product_sku=\"\" data-price=\"599\" rel=\"nofollow\" class=\"wp-block-button__link  add_to_cart_button\">Se\u00e7enekler<\/a><\/div>\n\t\t\t<\/li><li class=\"wc-block-grid__product\">\n\t\t\t\t<a href=\"https:\/\/www.forcoffeetr.com\/magaza\/urunler\/demleme-ekipmanlari\/manuel-kahve-ogutucu\/\" class=\"wc-block-grid__product-link\">\n\t\t\t\t\t\n\t\t\t\t\t<div class=\"wc-block-grid__product-image\"><img decoding=\"async\" width=\"200\" height=\"240\" data-src=\"https:\/\/www.forcoffeetr.com\/magaza\/wp-content\/uploads\/2026\/02\/for-urun-gorselleri_20260227_035916_0000-200x240.png\" class=\"attachment-woocommerce_thumbnail size-woocommerce_thumbnail lazyload\" alt=\"Manuel Kahve \u00d6\u011f\u00fct\u00fcc\u00fc\" data-srcset=\"https:\/\/www.forcoffeetr.com\/magaza\/wp-content\/uploads\/2026\/02\/for-urun-gorselleri_20260227_035916_0000-200x240.png 200w, https:\/\/www.forcoffeetr.com\/magaza\/wp-content\/uploads\/2026\/02\/for-urun-gorselleri_20260227_035916_0000-250x300.png 250w, https:\/\/www.forcoffeetr.com\/magaza\/wp-content\/uploads\/2026\/02\/for-urun-gorselleri_20260227_035916_0000-853x1024.png 853w, https:\/\/www.forcoffeetr.com\/magaza\/wp-content\/uploads\/2026\/02\/for-urun-gorselleri_20260227_035916_0000-768x921.png 768w, https:\/\/www.forcoffeetr.com\/magaza\/wp-content\/uploads\/2026\/02\/for-urun-gorselleri_20260227_035916_0000.png 1181w\" data-sizes=\"(max-width: 200px) 100vw, 200px\" src=\"data:image\/svg+xml;base64,PHN2ZyB3aWR0aD0iMSIgaGVpZ2h0PSIxIiB4bWxucz0iaHR0cDovL3d3dy53My5vcmcvMjAwMC9zdmciPjwvc3ZnPg==\" style=\"--smush-placeholder-width: 200px; --smush-placeholder-aspect-ratio: 200\/240;\" \/><\/div>\n\t\t\t\t\t<div class=\"wc-block-grid__product-title\">Manuel Kahve \u00d6\u011f\u00fct\u00fcc\u00fc<\/div>\n\t\t\t\t<\/a>\n\t\t\t\t<div class=\"wc-block-grid__product-price price\"><span class=\"woocommerce-Price-amount amount\"><span class=\"woocommerce-Price-currencySymbol\">&#8378;<\/span>1.199,00<\/span><\/div>\n\t\t\t\t\n\t\t\t\t<div class=\"wp-block-button wc-block-grid__product-add-to-cart\"><a href=\"\/magaza\/wp-json\/wp\/v2\/pages\/8?add-to-cart=2851\" aria-label=\"Sepete ekle: \u201cManuel Kahve \u00d6\u011f\u00fct\u00fcc\u00fc\u201d\" data-quantity=\"1\" data-product_id=\"2851\" data-product_sku=\"\" data-price=\"1199\" rel=\"nofollow\" class=\"wp-block-button__link  add_to_cart_button ajax_add_to_cart\">Sepete Ekle<\/a><\/div>\n\t\t\t<\/li><li class=\"wc-block-grid__product\">\n\t\t\t\t<a href=\"https:\/\/www.forcoffeetr.com\/magaza\/urunler\/kahvelerimiz\/single-origin\/colombia-huila\/\" class=\"wc-block-grid__product-link\">\n\t\t\t\t\t\n\t\t\t\t\t<div class=\"wc-block-grid__product-image\"><img decoding=\"async\" width=\"200\" height=\"240\" data-src=\"https:\/\/www.forcoffeetr.com\/magaza\/wp-content\/uploads\/2026\/02\/for-urun-gorselleri-2-200x240.png\" class=\"attachment-woocommerce_thumbnail size-woocommerce_thumbnail lazyload\" alt=\"Colombia Huila\" data-srcset=\"https:\/\/www.forcoffeetr.com\/magaza\/wp-content\/uploads\/2026\/02\/for-urun-gorselleri-2-200x240.png 200w, https:\/\/www.forcoffeetr.com\/magaza\/wp-content\/uploads\/2026\/02\/for-urun-gorselleri-2-250x300.png 250w, https:\/\/www.forcoffeetr.com\/magaza\/wp-content\/uploads\/2026\/02\/for-urun-gorselleri-2-853x1024.png 853w, https:\/\/www.forcoffeetr.com\/magaza\/wp-content\/uploads\/2026\/02\/for-urun-gorselleri-2-768x921.png 768w, https:\/\/www.forcoffeetr.com\/magaza\/wp-content\/uploads\/2026\/02\/for-urun-gorselleri-2.png 1181w\" data-sizes=\"(max-width: 200px) 100vw, 200px\" src=\"data:image\/svg+xml;base64,PHN2ZyB3aWR0aD0iMSIgaGVpZ2h0PSIxIiB4bWxucz0iaHR0cDovL3d3dy53My5vcmcvMjAwMC9zdmciPjwvc3ZnPg==\" style=\"--smush-placeholder-width: 200px; --smush-placeholder-aspect-ratio: 200\/240;\" \/><\/div>\n\t\t\t\t\t<div class=\"wc-block-grid__product-title\">Colombia Huila<\/div>\n\t\t\t\t<\/a>\n\t\t\t\t<div class=\"wc-block-grid__product-price price\"><span class=\"woocommerce-Price-amount amount\"><span class=\"woocommerce-Price-currencySymbol\">&#8378;<\/span>619,00<\/span> <span class=\"baslayan-fiyat-yazisi\">&#8216;den ba\u015flayan fiyatlarla<\/span><\/div>\n\t\t\t\t\n\t\t\t\t<div class=\"wp-block-button wc-block-grid__product-add-to-cart\"><a href=\"https:\/\/www.forcoffeetr.com\/magaza\/urunler\/kahvelerimiz\/single-origin\/colombia-huila\/\" aria-label=\"&ldquo;Colombia Huila&rdquo; i\u00e7in se\u00e7enekleri se\u00e7in\" data-quantity=\"1\" data-product_id=\"2466\" data-product_sku=\"\" data-price=\"619\" rel=\"nofollow\" class=\"wp-block-button__link  add_to_cart_button\">Se\u00e7enekler<\/a><\/div>\n\t\t\t<\/li><\/ul><\/div><\/div>\n<\/div>\n","protected":false},"excerpt":{"rendered":"","protected":false},"author":1,"featured_media":0,"parent":0,"menu_order":0,"comment_status":"closed","ping_status":"closed","template":"","meta":{"_monsterinsights_skip_tracking":false,"_monsterinsights_sitenote_active":false,"_monsterinsights_sitenote_note":"","_monsterinsights_sitenote_category":0,"site-sidebar-layout":"default","site-content-layout":"","ast-site-content-layout":"default","site-content-style":"default","site-sidebar-style":"default","ast-global-header-display":"","ast-banner-title-visibility":"","ast-main-header-display":"","ast-hfb-above-header-display":"","ast-hfb-below-header-display":"","ast-hfb-mobile-header-display":"","site-post-title":"","ast-breadcrumbs-content":"","ast-featured-img":"","footer-sml-layout":"","ast-disable-related-posts":"","theme-transparent-header-meta":"","adv-header-id-meta":"","stick-header-meta":"","header-above-stick-meta":"","header-main-stick-meta":"","header-below-stick-meta":"","astra-migrate-meta-layouts":"default","ast-page-background-enabled":"default","ast-page-background-meta":{"desktop":{"background-color":"var(--ast-global-color-5)","background-image":"","background-repeat":"repeat","background-position":"center center","background-size":"auto","background-attachment":"scroll","background-type":"","background-media":"","overlay-type":"","overlay-color":"","overlay-opacity":"","overlay-gradient":""},"tablet":{"background-color":"","background-image":"","background-repeat":"repeat","background-position":"center center","background-size":"auto","background-attachment":"scroll","background-type":"","background-media":"","overlay-type":"","overlay-color":"","overlay-opacity":"","overlay-gradient":""},"mobile":{"background-color":"","background-image":"","background-repeat":"repeat","background-position":"center center","background-size":"auto","background-attachment":"scroll","background-type":"","background-media":"","overlay-type":"","overlay-color":"","overlay-opacity":"","overlay-gradient":""}},"ast-content-background-meta":{"desktop":{"background-color":"var(--ast-global-color-4)","background-image":"","background-repeat":"repeat","background-position":"center center","background-size":"auto","background-attachment":"scroll","background-type":"","background-media":"","overlay-type":"","overlay-color":"","overlay-opacity":"","overlay-gradient":""},"tablet":{"background-color":"var(--ast-global-color-4)","background-image":"","background-repeat":"repeat","background-position":"center center","background-size":"auto","background-attachment":"scroll","background-type":"","background-media":"","overlay-type":"","overlay-color":"","overlay-opacity":"","overlay-gradient":""},"mobile":{"background-color":"var(--ast-global-color-4)","background-image":"","background-repeat":"repeat","background-position":"center center","background-size":"auto","background-attachment":"scroll","background-type":"","background-media":"","overlay-type":"","overlay-color":"","overlay-opacity":"","overlay-gradient":""}},"footnotes":""},"class_list":["post-8","page","type-page","status-publish","hentry"],"aioseo_notices":[],"_links":{"self":[{"href":"https:\/\/www.forcoffeetr.com\/magaza\/wp-json\/wp\/v2\/pages\/8","targetHints":{"allow":["GET"]}}],"collection":[{"href":"https:\/\/www.forcoffeetr.com\/magaza\/wp-json\/wp\/v2\/pages"}],"about":[{"href":"https:\/\/www.forcoffeetr.com\/magaza\/wp-json\/wp\/v2\/types\/page"}],"author":[{"embeddable":true,"href":"https:\/\/www.forcoffeetr.com\/magaza\/wp-json\/wp\/v2\/users\/1"}],"replies":[{"embeddable":true,"href":"https:\/\/www.forcoffeetr.com\/magaza\/wp-json\/wp\/v2\/comments?post=8"}],"version-history":[{"count":0,"href":"https:\/\/www.forcoffeetr.com\/magaza\/wp-json\/wp\/v2\/pages\/8\/revisions"}],"wp:attachment":[{"href":"https:\/\/www.forcoffeetr.com\/magaza\/wp-json\/wp\/v2\/media?parent=8"}],"curies":[{"name":"wp","href":"https:\/\/api.w.org\/{rel}","templated":true}]}}